{"id":96,"date":"2018-06-18T06:57:57","date_gmt":"2018-06-18T04:57:57","guid":{"rendered":"https:\/\/aluminiossierra.com\/index.php\/about\/"},"modified":"2023-06-23T13:35:21","modified_gmt":"2023-06-23T11:35:21","slug":"conocenos","status":"publish","type":"page","link":"https:\/\/aluminiossierra.com\/index.php\/conocenos\/","title":{"rendered":"Conocenos"},"content":{"rendered":"\t\t<div data-elementor-type=\"wp-post\" data-elementor-id=\"96\" class=\"elementor elementor-96\">\n\t\t\t\t\t\t<section class=\"elementor-section elementor-top-section elementor-element elementor-element-7af1913 elementor-section-content-middle elementor-section-boxed elementor-section-height-default elementor-section-height-default\" data-id=\"7af1913\" data-element_type=\"section\" data-settings=\"{&quot;background_background&quot;:&quot;classic&quot;}\">\n\t\t\t\t\t\t\t<div class=\"elementor-background-overlay\"><\/div>\n\t\t\t\t\t\t\t<div class=\"elementor-container elementor-column-gap-default\">\n\t\t\t\t\t<div class=\"elementor-column elementor-col-100 elementor-top-column elementor-element elementor-element-6ed6cac\" data-id=\"6ed6cac\" data-element_type=\"column\">\n\t\t\t<div class=\"elementor-widget-wrap elementor-element-populated\">\n\t\t\t\t\t\t<div class=\"elementor-element elementor-element-285c924 elementor-widget elementor-widget-heading\" data-id=\"285c924\" data-element_type=\"widget\" data-widget_type=\"heading.default\">\n\t\t\t\t<div class=\"elementor-widget-container\">\n\t\t\t<h1 class=\"elementor-heading-title elementor-size-default\">Con\u00f3cenos<\/h1>\t\t<\/div>\n\t\t\t\t<\/div>\n\t\t\t\t\t<\/div>\n\t\t<\/div>\n\t\t\t\t\t<\/div>\n\t\t<\/section>\n\t\t\t\t<section class=\"elementor-section elementor-top-section elementor-element elementor-element-7d33ea6 elementor-section-boxed elementor-section-height-default elementor-section-height-default\" data-id=\"7d33ea6\" data-element_type=\"section\">\n\t\t\t\t\t\t<div class=\"elementor-container elementor-column-gap-default\">\n\t\t\t\t\t<div class=\"elementor-column elementor-col-100 elementor-top-column elementor-element elementor-element-827726c\" data-id=\"827726c\" data-element_type=\"column\" data-settings=\"{&quot;background_background&quot;:&quot;classic&quot;}\">\n\t\t\t<div class=\"elementor-widget-wrap elementor-element-populated\">\n\t\t\t\t\t\t<section class=\"elementor-section elementor-inner-section elementor-element elementor-element-ac995aa elementor-section-full_width elementor-section-content-middle elementor-section-height-default elementor-section-height-default\" data-id=\"ac995aa\" data-element_type=\"section\">\n\t\t\t\t\t\t<div class=\"elementor-container elementor-column-gap-no\">\n\t\t\t\t\t<div class=\"elementor-column elementor-col-50 elementor-inner-column elementor-element elementor-element-7f38b0a\" data-id=\"7f38b0a\" data-element_type=\"column\" data-settings=\"{&quot;background_background&quot;:&quot;classic&quot;}\">\n\t\t\t<div class=\"elementor-widget-wrap elementor-element-populated\">\n\t\t\t\t\t\t<div class=\"elementor-element elementor-element-4e5eb83c elementor-widget elementor-widget-heading\" data-id=\"4e5eb83c\" data-element_type=\"widget\" data-widget_type=\"heading.default\">\n\t\t\t\t<div class=\"elementor-widget-container\">\n\t\t\t<h2 class=\"elementor-heading-title elementor-size-default\">Cristaler\u00eda y carpinter\u00eda de aluminio<\/h2>\t\t<\/div>\n\t\t\t\t<\/div>\n\t\t\t\t<div class=\"elementor-element elementor-element-f70f2dc elementor-widget elementor-widget-text-editor\" data-id=\"f70f2dc\" data-element_type=\"widget\" data-widget_type=\"text-editor.default\">\n\t\t\t\t<div class=\"elementor-widget-container\">\n\t\t\t\t\t\t\t<p>En <strong>Aluminios Sierra<\/strong> llevamos m\u00e1s de 40 a\u00f1os trabajando en productos y soluciones de cristaler\u00eda y carpinter\u00eda met\u00e1lica.<br \/>Ofrecemos una amplia diversidad de servicios y productos, desde alta gama a los m\u00e1s econ\u00f3micos.<\/p><p>Persianas &#8211; Galer\u00edas<\/p><p>Correderas &#8211; Puertas<\/p><p>Ventanas &#8211; Cerramientos<\/p><p>Reparaci\u00f3n de persianas motorizadas<\/p><p>Cambio de cristales<\/p><p>Toldos &#8211; Barandillas<\/p>\t\t\t\t\t\t<\/div>\n\t\t\t\t<\/div>\n\t\t\t\t\t<\/div>\n\t\t<\/div>\n\t\t\t\t<div class=\"elementor-column elementor-col-50 elementor-inner-column elementor-element elementor-element-dd45772\" data-id=\"dd45772\" data-element_type=\"column\" data-settings=\"{&quot;background_background&quot;:&quot;classic&quot;}\">\n\t\t\t<div class=\"elementor-widget-wrap elementor-element-populated\">\n\t\t\t\t\t<div class=\"elementor-background-overlay\"><\/div>\n\t\t\t\t\t\t<div class=\"elementor-element elementor-element-fba56bb elementor-widget elementor-widget-image\" data-id=\"fba56bb\" data-element_type=\"widget\" data-widget_type=\"image.default\">\n\t\t\t\t<div class=\"elementor-widget-container\">\n\t\t\t\t\t\t\t\t\t\t\t\t\t<img fetchpriority=\"high\" decoding=\"async\" width=\"1024\" height=\"768\" src=\"https:\/\/aluminiossierra.com\/wp-content\/uploads\/2021\/07\/WhatsApp-Image-2021-07-15-at-10.14.00-2-1024x768.jpeg\" class=\"attachment-large size-large wp-image-4278\" alt=\"Cristaler\u00eda y Carpinter\u00eda de aluminio en Castelldefels\" srcset=\"https:\/\/aluminiossierra.com\/wp-content\/uploads\/2021\/07\/WhatsApp-Image-2021-07-15-at-10.14.00-2-1024x768.jpeg 1024w, https:\/\/aluminiossierra.com\/wp-content\/uploads\/2021\/07\/WhatsApp-Image-2021-07-15-at-10.14.00-2-600x450.jpeg 600w, https:\/\/aluminiossierra.com\/wp-content\/uploads\/2021\/07\/WhatsApp-Image-2021-07-15-at-10.14.00-2-300x225.jpeg 300w, https:\/\/aluminiossierra.com\/wp-content\/uploads\/2021\/07\/WhatsApp-Image-2021-07-15-at-10.14.00-2-768x576.jpeg 768w, https:\/\/aluminiossierra.com\/wp-content\/uploads\/2021\/07\/WhatsApp-Image-2021-07-15-at-10.14.00-2-1536x1152.jpeg 1536w, https:\/\/aluminiossierra.com\/wp-content\/uploads\/2021\/07\/WhatsApp-Image-2021-07-15-at-10.14.00-2.jpeg 2048w\" sizes=\"(max-width: 1024px) 100vw, 1024px\" \/>\t\t\t\t\t\t\t\t\t\t\t\t\t<\/div>\n\t\t\t\t<\/div>\n\t\t\t\t\t<\/div>\n\t\t<\/div>\n\t\t\t\t\t<\/div>\n\t\t<\/section>\n\t\t\t\t\t<\/div>\n\t\t<\/div>\n\t\t\t\t\t<\/div>\n\t\t<\/section>\n\t\t\t\t<section class=\"elementor-section elementor-top-section elementor-element elementor-element-cfb8b7e elementor-section-boxed elementor-section-height-default elementor-section-height-default\" data-id=\"cfb8b7e\" data-element_type=\"section\">\n\t\t\t\t\t\t<div class=\"elementor-container elementor-column-gap-default\">\n\t\t\t\t\t<div class=\"elementor-column elementor-col-33 elementor-top-column elementor-element elementor-element-7c3c4f9\" data-id=\"7c3c4f9\" data-element_type=\"column\">\n\t\t\t<div class=\"elementor-widget-wrap\">\n\t\t\t\t\t\t\t<\/div>\n\t\t<\/div>\n\t\t\t\t<div class=\"elementor-column elementor-col-33 elementor-top-column elementor-element elementor-element-abec508\" data-id=\"abec508\" data-element_type=\"column\">\n\t\t\t<div class=\"elementor-widget-wrap elementor-element-populated\">\n\t\t\t\t\t\t<div class=\"elementor-element elementor-element-d57152a elementor-align-center elementor-widget elementor-widget-button\" data-id=\"d57152a\" data-element_type=\"widget\" data-widget_type=\"button.default\">\n\t\t\t\t<div class=\"elementor-widget-container\">\n\t\t\t\t\t<div class=\"elementor-button-wrapper\">\n\t\t\t<a class=\"elementor-button elementor-button-link elementor-size-sm\" href=\"https:\/\/aluminiossierra.com\/index.php\/galeria\/\">\n\t\t\t\t\t\t<span class=\"elementor-button-content-wrapper\">\n\t\t\t\t\t\t\t\t\t<span class=\"elementor-button-text\">VER GALER\u00cdA DE TRABAJOS<\/span>\n\t\t\t\t\t<\/span>\n\t\t\t\t\t<\/a>\n\t\t<\/div>\n\t\t\t\t<\/div>\n\t\t\t\t<\/div>\n\t\t\t\t\t<\/div>\n\t\t<\/div>\n\t\t\t\t<div class=\"elementor-column elementor-col-33 elementor-top-column elementor-element elementor-element-d8ed050\" data-id=\"d8ed050\" data-element_type=\"column\">\n\t\t\t<div class=\"elementor-widget-wrap\">\n\t\t\t\t\t\t\t<\/div>\n\t\t<\/div>\n\t\t\t\t\t<\/div>\n\t\t<\/section>\n\t\t\t\t<section class=\"elementor-section elementor-top-section elementor-element elementor-element-fdcf62e elementor-section-boxed elementor-section-height-default elementor-section-height-default\" data-id=\"fdcf62e\" data-element_type=\"section\">\n\t\t\t\t\t\t<div class=\"elementor-container elementor-column-gap-default\">\n\t\t\t\t\t<div class=\"elementor-column elementor-col-100 elementor-top-column elementor-element elementor-element-080e35e\" data-id=\"080e35e\" data-element_type=\"column\">\n\t\t\t<div class=\"elementor-widget-wrap elementor-element-populated\">\n\t\t\t\t\t\t<div class=\"elementor-element elementor-element-091f403 elementor-widget elementor-widget-spacer\" data-id=\"091f403\" data-element_type=\"widget\" data-widget_type=\"spacer.default\">\n\t\t\t\t<div class=\"elementor-widget-container\">\n\t\t\t\t\t<div class=\"elementor-spacer\">\n\t\t\t<div class=\"elementor-spacer-inner\"><\/div>\n\t\t<\/div>\n\t\t\t\t<\/div>\n\t\t\t\t<\/div>\n\t\t\t\t\t<\/div>\n\t\t<\/div>\n\t\t\t\t\t<\/div>\n\t\t<\/section>\n\t\t\t\t<section class=\"elementor-section elementor-top-section elementor-element elementor-element-aa3c457 elementor-section-boxed elementor-section-height-default elementor-section-height-default\" data-id=\"aa3c457\" data-element_type=\"section\" data-settings=\"{&quot;background_background&quot;:&quot;classic&quot;}\">\n\t\t\t\t\t\t<div class=\"elementor-container elementor-column-gap-default\">\n\t\t\t\t\t<div class=\"elementor-column elementor-col-100 elementor-top-column elementor-element elementor-element-7d27ca3\" data-id=\"7d27ca3\" data-element_type=\"column\">\n\t\t\t<div class=\"elementor-widget-wrap elementor-element-populated\">\n\t\t\t\t\t\t<section class=\"elementor-section elementor-inner-section elementor-element elementor-element-95f8668 elementor-section-boxed elementor-section-height-default elementor-section-height-default\" data-id=\"95f8668\" data-element_type=\"section\">\n\t\t\t\t\t\t<div class=\"elementor-container elementor-column-gap-default\">\n\t\t\t\t\t<div class=\"elementor-column elementor-col-25 elementor-inner-column elementor-element elementor-element-2627a59\" data-id=\"2627a59\" data-element_type=\"column\">\n\t\t\t<div class=\"elementor-widget-wrap elementor-element-populated\">\n\t\t\t\t\t\t<div class=\"elementor-element elementor-element-620dae5 elementor-widget elementor-widget-heading\" data-id=\"620dae5\" data-element_type=\"widget\" data-widget_type=\"heading.default\">\n\t\t\t\t<div class=\"elementor-widget-container\">\n\t\t\t<h3 class=\"elementor-heading-title elementor-size-default\">Clientes satisfechos<\/h3>\t\t<\/div>\n\t\t\t\t<\/div>\n\t\t\t\t\t<\/div>\n\t\t<\/div>\n\t\t\t\t<div class=\"elementor-column elementor-col-25 elementor-inner-column elementor-element elementor-element-c3554a4\" data-id=\"c3554a4\" data-element_type=\"column\">\n\t\t\t<div class=\"elementor-widget-wrap elementor-element-populated\">\n\t\t\t\t\t\t<div class=\"elementor-element elementor-element-0a685a9 elementor-widget elementor-widget-counter\" data-id=\"0a685a9\" data-element_type=\"widget\" data-widget_type=\"counter.default\">\n\t\t\t\t<div class=\"elementor-widget-container\">\n\t\t\t\t\t<div class=\"elementor-counter\">\n\t\t\t<div class=\"elementor-counter-title\">Clientes<\/div>\t\t\t<div class=\"elementor-counter-number-wrapper\">\n\t\t\t\t<span class=\"elementor-counter-number-prefix\"><\/span>\n\t\t\t\t<span class=\"elementor-counter-number\" data-duration=\"2000\" data-to-value=\"500\" data-from-value=\"480\" data-delimiter=\",\">480<\/span>\n\t\t\t\t<span class=\"elementor-counter-number-suffix\">+<\/span>\n\t\t\t<\/div>\n\t\t<\/div>\n\t\t\t\t<\/div>\n\t\t\t\t<\/div>\n\t\t\t\t\t<\/div>\n\t\t<\/div>\n\t\t\t\t<div class=\"elementor-column elementor-col-25 elementor-inner-column elementor-element elementor-element-46fb020\" data-id=\"46fb020\" data-element_type=\"column\">\n\t\t\t<div class=\"elementor-widget-wrap elementor-element-populated\">\n\t\t\t\t\t\t<div class=\"elementor-element elementor-element-f594f7f elementor-widget elementor-widget-counter\" data-id=\"f594f7f\" data-element_type=\"widget\" data-widget_type=\"counter.default\">\n\t\t\t\t<div class=\"elementor-widget-container\">\n\t\t\t\t\t<div class=\"elementor-counter\">\n\t\t\t<div class=\"elementor-counter-title\">Trabajos finalizados<\/div>\t\t\t<div class=\"elementor-counter-number-wrapper\">\n\t\t\t\t<span class=\"elementor-counter-number-prefix\"><\/span>\n\t\t\t\t<span class=\"elementor-counter-number\" data-duration=\"2000\" data-to-value=\"800\" data-from-value=\"\" data-delimiter=\",\"><\/span>\n\t\t\t\t<span class=\"elementor-counter-number-suffix\">+<\/span>\n\t\t\t<\/div>\n\t\t<\/div>\n\t\t\t\t<\/div>\n\t\t\t\t<\/div>\n\t\t\t\t\t<\/div>\n\t\t<\/div>\n\t\t\t\t<div class=\"elementor-column elementor-col-25 elementor-inner-column elementor-element elementor-element-3f03df0\" data-id=\"3f03df0\" data-element_type=\"column\">\n\t\t\t<div class=\"elementor-widget-wrap elementor-element-populated\">\n\t\t\t\t\t\t<div class=\"elementor-element elementor-element-c6c5aee elementor-widget elementor-widget-counter\" data-id=\"c6c5aee\" data-element_type=\"widget\" data-widget_type=\"counter.default\">\n\t\t\t\t<div class=\"elementor-widget-container\">\n\t\t\t\t\t<div class=\"elementor-counter\">\n\t\t\t<div class=\"elementor-counter-title\">Reparaciones \u00faltimo a\u00f1o<\/div>\t\t\t<div class=\"elementor-counter-number-wrapper\">\n\t\t\t\t<span class=\"elementor-counter-number-prefix\"><\/span>\n\t\t\t\t<span class=\"elementor-counter-number\" data-duration=\"2000\" data-to-value=\"40\" data-from-value=\"\" data-delimiter=\",\"><\/span>\n\t\t\t\t<span class=\"elementor-counter-number-suffix\">+<\/span>\n\t\t\t<\/div>\n\t\t<\/div>\n\t\t\t\t<\/div>\n\t\t\t\t<\/div>\n\t\t\t\t\t<\/div>\n\t\t<\/div>\n\t\t\t\t\t<\/div>\n\t\t<\/section>\n\t\t\t\t\t<\/div>\n\t\t<\/div>\n\t\t\t\t\t<\/div>\n\t\t<\/section>\n\t\t\t\t<\/div>\n\t\t","protected":false},"excerpt":{"rendered":"<p>Con\u00f3cenos Cristaler\u00eda y carpinter\u00eda de aluminio En Aluminios Sierra llevamos m\u00e1s de 40 a\u00f1os trabajando en productos y soluciones de cristaler\u00eda y carpinter\u00eda met\u00e1lica.Ofrecemos una amplia diversidad de servicios y productos, desde alta gama a los m\u00e1s econ\u00f3micos. Persianas &#8211; Galer\u00edas Correderas &#8211; Puertas Ventanas &#8211; Cerramientos Reparaci\u00f3n de persianas motorizadas Cambio de cristales Toldos &hellip;<\/p>\n<p class=\"read-more\"> <a class=\"\" href=\"https:\/\/aluminiossierra.com\/index.php\/conocenos\/\"> <span class=\"screen-reader-text\">Conocenos<\/span> Leer m\u00e1s &raquo;<\/a><\/p>\n","protected":false},"author":2,"featured_media":0,"parent":0,"menu_order":0,"comment_status":"closed","ping_status":"closed","template":"","meta":{"site-sidebar-layout":"no-sidebar","site-content-layout":"page-builder","ast-global-header-display":"","ast-banner-title-visibility":"","ast-main-header-display":"","ast-hfb-above-header-display":"","ast-hfb-below-header-display":"","ast-hfb-mobile-header-display":"","site-post-title":"disabled","ast-breadcrumbs-content":"","ast-featured-img":"disabled","footer-sml-layout":"","theme-transparent-header-meta":"enabled","adv-header-id-meta":"","stick-header-meta":"","header-above-stick-meta":"","header-main-stick-meta":"","header-below-stick-meta":"","_joinchat":[]},"yoast_head":"<!-- This site is optimized with the Yoast SEO plugin v21.8.1 - https:\/\/yoast.com\/wordpress\/plugins\/seo\/ -->\n<title>Conocenos - Aluminios Sierra | Carpinteria de aluminio<\/title>\n<meta name=\"robots\" content=\"index, follow, max-snippet:-1, max-image-preview:large, max-video-preview:-1\" \/>\n<link rel=\"canonical\" href=\"https:\/\/aluminiossierra.com\/index.php\/conocenos\/\" \/>\n<meta property=\"og:locale\" content=\"es_ES\" \/>\n<meta property=\"og:type\" content=\"article\" \/>\n<meta property=\"og:title\" content=\"Conocenos - Aluminios Sierra | Carpinteria de aluminio\" \/>\n<meta property=\"og:description\" content=\"Con\u00f3cenos Cristaler\u00eda y carpinter\u00eda de aluminio En Aluminios Sierra llevamos m\u00e1s de 40 a\u00f1os trabajando en productos y soluciones de cristaler\u00eda y carpinter\u00eda met\u00e1lica.Ofrecemos una amplia diversidad de servicios y productos, desde alta gama a los m\u00e1s econ\u00f3micos. Persianas &#8211; Galer\u00edas Correderas &#8211; Puertas Ventanas &#8211; Cerramientos Reparaci\u00f3n de persianas motorizadas Cambio de cristales Toldos &hellip; Conocenos Leer m\u00e1s &raquo;\" \/>\n<meta property=\"og:url\" content=\"https:\/\/aluminiossierra.com\/index.php\/conocenos\/\" \/>\n<meta property=\"og:site_name\" content=\"Aluminios Sierra | Carpinteria de aluminio\" \/>\n<meta property=\"article:modified_time\" content=\"2023-06-23T11:35:21+00:00\" \/>\n<meta property=\"og:image\" content=\"https:\/\/aluminiossierra.com\/wp-content\/uploads\/2021\/07\/WhatsApp-Image-2021-07-15-at-10.14.00-2-1024x768.jpeg\" \/>\n<meta name=\"twitter:card\" content=\"summary_large_image\" \/>\n<meta name=\"twitter:label1\" content=\"Tiempo de lectura\" \/>\n\t<meta name=\"twitter:data1\" content=\"1 minuto\" \/>\n<script type=\"application\/ld+json\" class=\"yoast-schema-graph\">{\"@context\":\"https:\/\/schema.org\",\"@graph\":[{\"@type\":\"WebPage\",\"@id\":\"https:\/\/aluminiossierra.com\/index.php\/conocenos\/\",\"url\":\"https:\/\/aluminiossierra.com\/index.php\/conocenos\/\",\"name\":\"Conocenos - Aluminios Sierra | Carpinteria de aluminio\",\"isPartOf\":{\"@id\":\"https:\/\/aluminiossierra.com\/#website\"},\"datePublished\":\"2018-06-18T04:57:57+00:00\",\"dateModified\":\"2023-06-23T11:35:21+00:00\",\"breadcrumb\":{\"@id\":\"https:\/\/aluminiossierra.com\/index.php\/conocenos\/#breadcrumb\"},\"inLanguage\":\"es\",\"potentialAction\":[{\"@type\":\"ReadAction\",\"target\":[\"https:\/\/aluminiossierra.com\/index.php\/conocenos\/\"]}]},{\"@type\":\"BreadcrumbList\",\"@id\":\"https:\/\/aluminiossierra.com\/index.php\/conocenos\/#breadcrumb\",\"itemListElement\":[{\"@type\":\"ListItem\",\"position\":1,\"name\":\"Portada\",\"item\":\"https:\/\/aluminiossierra.com\/\"},{\"@type\":\"ListItem\",\"position\":2,\"name\":\"Conocenos\"}]},{\"@type\":\"WebSite\",\"@id\":\"https:\/\/aluminiossierra.com\/#website\",\"url\":\"https:\/\/aluminiossierra.com\/\",\"name\":\"Aluminios Sierra | Carpinteria de aluminio\",\"description\":\"Cristaler\u00eda y Carpinter\u00eda de aluminio Castelldefels\",\"publisher\":{\"@id\":\"https:\/\/aluminiossierra.com\/#organization\"},\"potentialAction\":[{\"@type\":\"SearchAction\",\"target\":{\"@type\":\"EntryPoint\",\"urlTemplate\":\"https:\/\/aluminiossierra.com\/?s={search_term_string}\"},\"query-input\":\"required name=search_term_string\"}],\"inLanguage\":\"es\"},{\"@type\":\"Organization\",\"@id\":\"https:\/\/aluminiossierra.com\/#organization\",\"name\":\"Aluminios Sierra | Carpinteria de aluminio\",\"url\":\"https:\/\/aluminiossierra.com\/\",\"logo\":{\"@type\":\"ImageObject\",\"inLanguage\":\"es\",\"@id\":\"https:\/\/aluminiossierra.com\/#\/schema\/logo\/image\/\",\"url\":\"https:\/\/aluminiossierra.com\/wp-content\/uploads\/2021\/07\/cropped-logo2.png\",\"contentUrl\":\"https:\/\/aluminiossierra.com\/wp-content\/uploads\/2021\/07\/cropped-logo2.png\",\"width\":1121,\"height\":311,\"caption\":\"Aluminios Sierra | Carpinteria de aluminio\"},\"image\":{\"@id\":\"https:\/\/aluminiossierra.com\/#\/schema\/logo\/image\/\"}}]}<\/script>\n<!-- \/ Yoast SEO plugin. -->","yoast_head_json":{"title":"Conocenos - Aluminios Sierra | Carpinteria de aluminio","robots":{"index":"index","follow":"follow","max-snippet":"max-snippet:-1","max-image-preview":"max-image-preview:large","max-video-preview":"max-video-preview:-1"},"canonical":"https:\/\/aluminiossierra.com\/index.php\/conocenos\/","og_locale":"es_ES","og_type":"article","og_title":"Conocenos - Aluminios Sierra | Carpinteria de aluminio","og_description":"Con\u00f3cenos Cristaler\u00eda y carpinter\u00eda de aluminio En Aluminios Sierra llevamos m\u00e1s de 40 a\u00f1os trabajando en productos y soluciones de cristaler\u00eda y carpinter\u00eda met\u00e1lica.Ofrecemos una amplia diversidad de servicios y productos, desde alta gama a los m\u00e1s econ\u00f3micos. Persianas &#8211; Galer\u00edas Correderas &#8211; Puertas Ventanas &#8211; Cerramientos Reparaci\u00f3n de persianas motorizadas Cambio de cristales Toldos &hellip; Conocenos Leer m\u00e1s &raquo;","og_url":"https:\/\/aluminiossierra.com\/index.php\/conocenos\/","og_site_name":"Aluminios Sierra | Carpinteria de aluminio","article_modified_time":"2023-06-23T11:35:21+00:00","og_image":[{"url":"https:\/\/aluminiossierra.com\/wp-content\/uploads\/2021\/07\/WhatsApp-Image-2021-07-15-at-10.14.00-2-1024x768.jpeg"}],"twitter_card":"summary_large_image","twitter_misc":{"Tiempo de lectura":"1 minuto"},"schema":{"@context":"https:\/\/schema.org","@graph":[{"@type":"WebPage","@id":"https:\/\/aluminiossierra.com\/index.php\/conocenos\/","url":"https:\/\/aluminiossierra.com\/index.php\/conocenos\/","name":"Conocenos - Aluminios Sierra | Carpinteria de aluminio","isPartOf":{"@id":"https:\/\/aluminiossierra.com\/#website"},"datePublished":"2018-06-18T04:57:57+00:00","dateModified":"2023-06-23T11:35:21+00:00","breadcrumb":{"@id":"https:\/\/aluminiossierra.com\/index.php\/conocenos\/#breadcrumb"},"inLanguage":"es","potentialAction":[{"@type":"ReadAction","target":["https:\/\/aluminiossierra.com\/index.php\/conocenos\/"]}]},{"@type":"BreadcrumbList","@id":"https:\/\/aluminiossierra.com\/index.php\/conocenos\/#breadcrumb","itemListElement":[{"@type":"ListItem","position":1,"name":"Portada","item":"https:\/\/aluminiossierra.com\/"},{"@type":"ListItem","position":2,"name":"Conocenos"}]},{"@type":"WebSite","@id":"https:\/\/aluminiossierra.com\/#website","url":"https:\/\/aluminiossierra.com\/","name":"Aluminios Sierra | Carpinteria de aluminio","description":"Cristaler\u00eda y Carpinter\u00eda de aluminio Castelldefels","publisher":{"@id":"https:\/\/aluminiossierra.com\/#organization"},"potentialAction":[{"@type":"SearchAction","target":{"@type":"EntryPoint","urlTemplate":"https:\/\/aluminiossierra.com\/?s={search_term_string}"},"query-input":"required name=search_term_string"}],"inLanguage":"es"},{"@type":"Organization","@id":"https:\/\/aluminiossierra.com\/#organization","name":"Aluminios Sierra | Carpinteria de aluminio","url":"https:\/\/aluminiossierra.com\/","logo":{"@type":"ImageObject","inLanguage":"es","@id":"https:\/\/aluminiossierra.com\/#\/schema\/logo\/image\/","url":"https:\/\/aluminiossierra.com\/wp-content\/uploads\/2021\/07\/cropped-logo2.png","contentUrl":"https:\/\/aluminiossierra.com\/wp-content\/uploads\/2021\/07\/cropped-logo2.png","width":1121,"height":311,"caption":"Aluminios Sierra | Carpinteria de aluminio"},"image":{"@id":"https:\/\/aluminiossierra.com\/#\/schema\/logo\/image\/"}}]}},"_links":{"self":[{"href":"https:\/\/aluminiossierra.com\/index.php\/wp-json\/wp\/v2\/pages\/96"}],"collection":[{"href":"https:\/\/aluminiossierra.com\/index.php\/wp-json\/wp\/v2\/pages"}],"about":[{"href":"https:\/\/aluminiossierra.com\/index.php\/wp-json\/wp\/v2\/types\/page"}],"author":[{"embeddable":true,"href":"https:\/\/aluminiossierra.com\/index.php\/wp-json\/wp\/v2\/users\/2"}],"replies":[{"embeddable":true,"href":"https:\/\/aluminiossierra.com\/index.php\/wp-json\/wp\/v2\/comments?post=96"}],"version-history":[{"count":16,"href":"https:\/\/aluminiossierra.com\/index.php\/wp-json\/wp\/v2\/pages\/96\/revisions"}],"predecessor-version":[{"id":4553,"href":"https:\/\/aluminiossierra.com\/index.php\/wp-json\/wp\/v2\/pages\/96\/revisions\/4553"}],"wp:attachment":[{"href":"https:\/\/aluminiossierra.com\/index.php\/wp-json\/wp\/v2\/media?parent=96"}],"curies":[{"name":"wp","href":"https:\/\/api.w.org\/{rel}","templated":true}]}}